{"id":5,"date":"2020-01-13T11:17:52","date_gmt":"2020-01-13T11:17:52","guid":{"rendered":"https:\/\/demosites.io\/web-agency-gb\/?page_id=5"},"modified":"2025-12-03T17:54:38","modified_gmt":"2025-12-03T16:54:38","slug":"15c42-web-agency-gb-home","status":"publish","type":"page","link":"https:\/\/libertypo.fr\/","title":{"rendered":"LiberTypo"},"content":{"rendered":"\n<div class=\"wp-block-cover alignfull is-light\" style=\"min-height:762px;aspect-ratio:unset;\"><img loading=\"lazy\" decoding=\"async\" width=\"1600\" height=\"1100\" class=\"wp-block-cover__image-background wp-image-590\" alt=\"\" src=\"https:\/\/libertypo.fr\/wp-content\/uploads\/2025\/01\/livre-ouvert_bureau.jpg\" data-object-fit=\"cover\" srcset=\"https:\/\/libertypo.fr\/wp-content\/uploads\/2025\/01\/livre-ouvert_bureau.jpg 1600w, https:\/\/libertypo.fr\/wp-content\/uploads\/2025\/01\/livre-ouvert_bureau-300x206.jpg 300w, https:\/\/libertypo.fr\/wp-content\/uploads\/2025\/01\/livre-ouvert_bureau-1024x704.jpg 1024w, https:\/\/libertypo.fr\/wp-content\/uploads\/2025\/01\/livre-ouvert_bureau-768x528.jpg 768w, https:\/\/libertypo.fr\/wp-content\/uploads\/2025\/01\/livre-ouvert_bureau-1536x1056.jpg 1536w\" sizes=\"auto, (max-width: 1600px) 100vw, 1600px\" \/><span aria-hidden=\"true\" class=\"wp-block-cover__background has-background-dim-70 has-background-dim\" style=\"background-color:#e0dacf\"><\/span><div class=\"wp-block-cover__inner-container is-layout-flow wp-block-cover-is-layout-flow\">\n<h1 class=\"wp-block-heading has-text-align-center has-text-color\" style=\"color:#121212\">Relecture-correction <br>et prestations \u00e9ditoriales<\/h1>\n\n\n\n<h2 class=\"wp-block-heading has-text-align-center has-text-color\" style=\"color:#121212;font-size:17px\">Plus de quinze ann\u00e9es d&rsquo;exp\u00e9rience au service des professionnels de l&rsquo;\u00e9dition.<\/h2>\n\n\n\n<p><\/p>\n\n\n\n<div class=\"wp-block-buttons is-horizontal is-content-justification-center is-layout-flex wp-container-core-buttons-is-layout-499968f5 wp-block-buttons-is-layout-flex\">\n<div class=\"wp-block-button is-style-primary\"><a class=\"wp-block-button__link wp-element-button\" href=\"https:\/\/libertypo.fr\/?page_id=310\">\u00c0 PROPOS<\/a><\/div>\n\n\n\n<div class=\"wp-block-button is-style-secondary\"><a class=\"wp-block-button__link wp-element-button\" href=\"https:\/\/libertypo.fr\/?page_id=311\">CONTACT<\/a><\/div>\n<\/div>\n\n\n\n<div style=\"height:79px\" aria-hidden=\"true\" class=\"wp-block-spacer\"><\/div>\n<\/div><\/div>\n\n\n\n<p><\/p>\n\n\n\n<div class=\"wp-block-columns is-layout-flex wp-container-core-columns-is-layout-9d6595d7 wp-block-columns-is-layout-flex\">\n<div class=\"wp-block-column is-layout-flow wp-block-column-is-layout-flow\"><div class=\"wp-block-image icon-style is-style-rounded\">\n<figure class=\"aligncenter size-large\"><img decoding=\"async\" src=\"https:\/\/libertypo.fr\/wp-content\/uploads\/2020\/01\/neve-webdesign-GB-03.png\" alt=\"\" class=\"wp-image-20\" title=\"\"\/><\/figure>\n<\/div>\n\n\n<div style=\"height:20px\" aria-hidden=\"true\" class=\"wp-block-spacer\"><\/div>\n\n\n\n<h3 class=\"wp-block-heading has-text-align-center has-neve-text-color-color has-text-color\"><strong>Relecture-correction<\/strong><\/h3>\n\n\n\n<p>B\u00e9n\u00e9ficiez d&rsquo;une <strong>correction professionnelle et personnalis\u00e9e<\/strong> afin de rendre vos textes impeccables, dans le respect de vos exigences et d\u00e9lais. Voici les diff\u00e9rentes \u00e9tapes sur lesquelles j&rsquo;interviens en fonction des demandes des clients :<\/p>\n\n\n\n<ul class=\"wp-block-list\">\n<li><strong>Pr\u00e9paration de copie<\/strong> : structuration du texte, nettoyage typographique complet, application des r\u00e8gles de typo-ortho-grammaire, v\u00e9rification de la coh\u00e9rence du texte et des informations, uniformisation de la pr\u00e9sentation des r\u00e9f\u00e9rences, suppression des r\u00e9p\u00e9titions et propositions de reformulations si n\u00e9cessaire.<\/li>\n\n\n\n<li><strong>R\u00e9vision stylistique<\/strong> : am\u00e9lioration du style r\u00e9dactionnel afin de fluidifier le texte ou pour le rendre plus adapt\u00e9 au public vis\u00e9.<\/li>\n\n\n\n<li><strong>Relecture d&rsquo;\u00e9preuves<\/strong> : chasse aux erreurs d&rsquo;orthographe, de grammaire, de ponctuation et de typographie, suppression des r\u00e9p\u00e9titions et des maladresses, v\u00e9rification de la coh\u00e9rence des informations et des \u00e9l\u00e9ments de mise en page.<\/li>\n<\/ul>\n<\/div>\n\n\n\n<div class=\"wp-block-column is-layout-flow wp-block-column-is-layout-flow\"><div class=\"wp-block-image icon-style is-style-rounded\">\n<figure class=\"aligncenter size-large\"><img loading=\"lazy\" decoding=\"async\" width=\"72\" height=\"72\" src=\"https:\/\/libertypo.fr\/wp-content\/uploads\/2020\/01\/neve-webdesign-GB-04.png\" alt=\"\" class=\"wp-image-21\"\/><\/figure>\n<\/div>\n\n\n<div style=\"height:20px\" aria-hidden=\"true\" class=\"wp-block-spacer\"><\/div>\n\n\n\n<h3 class=\"wp-block-heading has-text-align-center has-neve-text-color-color has-text-color\">Prestations \u00e9ditoriales<\/h3>\n\n\n\n<p><strong>Pilotage <\/strong>de tout ou partie du <strong>circuit \u00e9ditorial<\/strong> de vos ouvrages, avec vos propres \u00e9quipes ou des prestataires externes, <strong>du manuscrit jusqu&rsquo;au BAT<\/strong>. Chaque \u00e9tape de la cr\u00e9ation de votre ouvrage est rigoureusement organis\u00e9e et contr\u00f4l\u00e9e.<\/p>\n\n\n\n<ul class=\"wp-block-list\">\n<li><strong>Mise en \u0153uvre des projets \u00e9ditoriaux<\/strong> : r\u00e9troplanning d\u00e9taill\u00e9, mise au point des manuscrits, gestion de l&rsquo;iconographie, contr\u00f4les d&rsquo;\u00e9preuves, coordination et suivi des ouvrages papier et num\u00e9riques.<\/li>\n\n\n\n<li><strong>Suivi \u00e9ditorial<\/strong> <strong>et administratif<\/strong> dans le respect des plannings et du budget allou\u00e9.<\/li>\n\n\n\n<li><strong>Accompagnement des auteurs<\/strong>.<\/li>\n\n\n\n<li><strong>Coordination du travail des diff\u00e9rents intervenants ext\u00e9rieurs<\/strong> : maquettistes, illustrateurs, photographes, correcteurs, etc.<\/li>\n\n\n\n<li><strong>Contr\u00f4le des traceurs et validation finale du BAT<\/strong>.<\/li>\n<\/ul>\n\n\n\n<p class=\"has-text-align-center\"><\/p>\n<\/div>\n<\/div>\n\n\n\n<div class=\"wp-block-buttons is-layout-flex wp-block-buttons-is-layout-flex\">\n<div class=\"wp-block-button has-custom-width wp-block-button__width-100\"><a class=\"wp-block-button__link wp-element-button\" href=\"https:\/\/libertypo.fr\/?page_id=311\">DEMANDE DE DEVIS<\/a><\/div>\n<\/div>\n\n\n\n<div style=\"height:16px\" aria-hidden=\"true\" class=\"wp-block-spacer\"><\/div>\n\n\n\n<div class=\"wp-block-buttons is-layout-flex wp-block-buttons-is-layout-flex\">\n<div class=\"wp-block-button has-custom-width wp-block-button__width-100 animated backInUp is-style-primary\"><a class=\"wp-block-button__link wp-element-button\" href=\"https:\/\/libertypo.fr\/?page_id=69\">VOIR QUELQUES COLLABORATIONS<\/a><\/div>\n<\/div>\n\n\n\n<div style=\"height:18px\" aria-hidden=\"true\" class=\"wp-block-spacer\"><\/div>\n\n\n\n<figure class=\"wp-block-gallery has-nested-images columns-default is-cropped wp-block-gallery-1 is-layout-flex wp-block-gallery-is-layout-flex\">\n<figure class=\"wp-block-image size-full\"><img loading=\"lazy\" decoding=\"async\" width=\"1817\" height=\"2362\" data-id=\"527\" src=\"https:\/\/libertypo.fr\/wp-content\/uploads\/2025\/01\/gerfaut_LeLivreDesAlpes.jpg\" alt=\"\" class=\"wp-image-527\" srcset=\"https:\/\/libertypo.fr\/wp-content\/uploads\/2025\/01\/gerfaut_LeLivreDesAlpes.jpg 1817w, https:\/\/libertypo.fr\/wp-content\/uploads\/2025\/01\/gerfaut_LeLivreDesAlpes-231x300.jpg 231w, https:\/\/libertypo.fr\/wp-content\/uploads\/2025\/01\/gerfaut_LeLivreDesAlpes-788x1024.jpg 788w, https:\/\/libertypo.fr\/wp-content\/uploads\/2025\/01\/gerfaut_LeLivreDesAlpes-768x998.jpg 768w, https:\/\/libertypo.fr\/wp-content\/uploads\/2025\/01\/gerfaut_LeLivreDesAlpes-1182x1536.jpg 1182w, https:\/\/libertypo.fr\/wp-content\/uploads\/2025\/01\/gerfaut_LeLivreDesAlpes-1575x2048.jpg 1575w, https:\/\/libertypo.fr\/wp-content\/uploads\/2025\/01\/gerfaut_LeLivreDesAlpes-600x780.jpg 600w, https:\/\/libertypo.fr\/wp-content\/uploads\/2025\/01\/gerfaut_LeLivreDesAlpes-1200x1560.jpg 1200w\" sizes=\"auto, (max-width: 1817px) 100vw, 1817px\" \/><\/figure>\n\n\n\n<figure class=\"wp-block-image size-large\"><img loading=\"lazy\" decoding=\"async\" width=\"675\" height=\"1024\" data-id=\"739\" src=\"https:\/\/libertypo.fr\/wp-content\/uploads\/2025\/12\/pouvoir_foret-675x1024.jpg\" alt=\"\" class=\"wp-image-739\" srcset=\"https:\/\/libertypo.fr\/wp-content\/uploads\/2025\/12\/pouvoir_foret-675x1024.jpg 675w, https:\/\/libertypo.fr\/wp-content\/uploads\/2025\/12\/pouvoir_foret-198x300.jpg 198w, https:\/\/libertypo.fr\/wp-content\/uploads\/2025\/12\/pouvoir_foret-768x1165.jpg 768w, https:\/\/libertypo.fr\/wp-content\/uploads\/2025\/12\/pouvoir_foret-600x910.jpg 600w, https:\/\/libertypo.fr\/wp-content\/uploads\/2025\/12\/pouvoir_foret.jpg 989w\" sizes=\"auto, (max-width: 675px) 100vw, 675px\" \/><\/figure>\n\n\n\n<figure class=\"wp-block-image size-full\"><img loading=\"lazy\" decoding=\"async\" width=\"447\" height=\"600\" data-id=\"742\" src=\"https:\/\/libertypo.fr\/wp-content\/uploads\/2025\/12\/ecolieu.webp\" alt=\"\" class=\"wp-image-742\" srcset=\"https:\/\/libertypo.fr\/wp-content\/uploads\/2025\/12\/ecolieu.webp 447w, https:\/\/libertypo.fr\/wp-content\/uploads\/2025\/12\/ecolieu-224x300.webp 224w\" sizes=\"auto, (max-width: 447px) 100vw, 447px\" \/><\/figure>\n<\/figure>\n\n\n\n<div style=\"height:27px\" aria-hidden=\"true\" class=\"wp-block-spacer\"><\/div>\n\n\n\n<h2 class=\"wp-block-heading has-text-align-center o-typing-delay-100ms\"><mark style=\"background-color:rgba(0, 0, 0, 0)\" class=\"has-inline-color has-nv-dark-bg-color\"><o-anim-typing>Ils <\/o-anim-typing><\/mark>m&rsquo;<mark style=\"background-color:rgba(0, 0, 0, 0)\" class=\"has-inline-color has-nv-dark-bg-color\"><o-anim-typing>ont fait confiance<\/o-anim-typing><\/mark><\/h2>\n\n\n\n<div class=\"wp-block-columns is-layout-flex wp-container-core-columns-is-layout-9d6595d7 wp-block-columns-is-layout-flex\">\n<div class=\"wp-block-column is-layout-flow wp-block-column-is-layout-flow\" style=\"flex-basis:100%\">\n<section id=\"wp-block-themeisle-blocks-advanced-columns-6013fee3\" class=\"wp-block-themeisle-blocks-advanced-columns has-3-columns has-desktop-equal-layout has-tablet-equal-layout has-mobile-collapsedRows-layout has-vertical-flex-start has-light-bg\"><div class=\"wp-block-themeisle-blocks-advanced-columns-overlay\"><\/div><div class=\"innerblocks-wrap\">\n<div id=\"wp-block-themeisle-blocks-advanced-column-1a42e736\" class=\"wp-block-themeisle-blocks-advanced-column\">\n<p class=\"has-text-align-center has-text-color has-link-color wp-elements-9b8bf7d3504b0d95ca87d2d75ce703f6\" style=\"color:#2e3433\">\u00ab<em> Un grand merci pour votre travail, je suis absolument ravie de vos corrections et de la pertinence de vos propositions sur chaque projet<\/em>. \u00bb<\/p>\n\n\n\n<div id=\"wp-block-themeisle-blocks-advanced-heading-8197007c\" class=\"wp-block-themeisle-blocks-advanced-heading wp-block-themeisle-blocks-advanced-heading-8197007c\"><strong>\u00c9ditrice, le courrier du livre<\/strong><\/div>\n<\/div>\n\n\n\n<div id=\"wp-block-themeisle-blocks-advanced-column-ea6d1956\" class=\"wp-block-themeisle-blocks-advanced-column\">\n<p class=\"has-text-align-center has-text-color has-link-color wp-elements-9b17b86e69288d54ce972b0aabc87ae4\" style=\"color:#2e3433\">\u00ab&nbsp;<em>Je voulais vraiment vous remercier pour votre travail. J&rsquo;en ressors avec des prises de conscience sur certaines de mes mani\u00e8res d&rsquo;\u00e9crire et c&rsquo;est toujours un enrichissement de travailler avec vous<\/em>.&nbsp;\u00bb<\/p>\n\n\n\n<div id=\"wp-block-themeisle-blocks-advanced-heading-c9f4aea0\" class=\"wp-block-themeisle-blocks-advanced-heading wp-block-themeisle-blocks-advanced-heading-c9f4aea0\"><strong>Autrice, eyrolles<\/strong><\/div>\n<\/div>\n\n\n\n<div id=\"wp-block-themeisle-blocks-advanced-column-6591118f\" class=\"wp-block-themeisle-blocks-advanced-column\">\n<p class=\"has-text-align-center has-text-color has-link-color wp-elements-7152ab67e5c44953e74868ae6b5783d7\" style=\"color:#2e3433\">\u00ab <em>Merci infiniment pour la constance et la qualit\u00e9 de votre travail. Et que dire de votre patience !<\/em> \u00bb<\/p>\n\n\n\n<div id=\"wp-block-themeisle-blocks-advanced-heading-76454fc8\" class=\"wp-block-themeisle-blocks-advanced-heading wp-block-themeisle-blocks-advanced-heading-76454fc8\"><strong>\u00c9diteur &amp;<\/strong> <strong>directeur de collection<\/strong><\/div>\n<\/div>\n<\/div><\/section>\n<\/div>\n<\/div>\n\n\n\n<p><\/p>\n\n\n\n<p><\/p>\n\n\n\n<div class=\"wp-block-cover\" style=\"min-height:600px;aspect-ratio:unset;\"><img loading=\"lazy\" decoding=\"async\" width=\"1280\" height=\"853\" class=\"wp-block-cover__image-background wp-image-384\" alt=\"\" src=\"https:\/\/libertypo.fr\/wp-content\/uploads\/2024\/09\/notebook-2386034_1280-1.jpg\" data-object-fit=\"cover\" srcset=\"https:\/\/libertypo.fr\/wp-content\/uploads\/2024\/09\/notebook-2386034_1280-1.jpg 1280w, https:\/\/libertypo.fr\/wp-content\/uploads\/2024\/09\/notebook-2386034_1280-1-300x200.jpg 300w, https:\/\/libertypo.fr\/wp-content\/uploads\/2024\/09\/notebook-2386034_1280-1-1024x682.jpg 1024w, https:\/\/libertypo.fr\/wp-content\/uploads\/2024\/09\/notebook-2386034_1280-1-768x512.jpg 768w, https:\/\/libertypo.fr\/wp-content\/uploads\/2024\/09\/notebook-2386034_1280-1-930x620.jpg 930w, https:\/\/libertypo.fr\/wp-content\/uploads\/2024\/09\/notebook-2386034_1280-1-600x400.jpg 600w, https:\/\/libertypo.fr\/wp-content\/uploads\/2024\/09\/notebook-2386034_1280-1-1200x800.jpg 1200w\" sizes=\"auto, (max-width: 1280px) 100vw, 1280px\" \/><span aria-hidden=\"true\" class=\"wp-block-cover__background has-nv-dark-bg-background-color has-background-dim-70 has-background-dim\"><\/span><div class=\"wp-block-cover__inner-container is-layout-flow wp-block-cover-is-layout-flow\">\n<div class=\"wp-block-group\"><div class=\"wp-block-group__inner-container is-layout-flow wp-block-group-is-layout-flow\">\n<div class=\"wp-block-columns are-vertically-aligned-center is-layout-flex wp-container-core-columns-is-layout-9d6595d7 wp-block-columns-is-layout-flex\">\n<div class=\"wp-block-column is-vertically-aligned-center is-layout-flow wp-block-column-is-layout-flow\" style=\"flex-basis:50%\">\n<figure class=\"wp-block-image size-large is-resized\"><img loading=\"lazy\" decoding=\"async\" width=\"1024\" height=\"682\" src=\"https:\/\/libertypo.fr\/wp-content\/uploads\/2024\/09\/notebook-2386034_1280-2-1024x682.jpg\" alt=\"\" class=\"wp-image-385\" style=\"width:528px;height:auto\" srcset=\"https:\/\/libertypo.fr\/wp-content\/uploads\/2024\/09\/notebook-2386034_1280-2-1024x682.jpg 1024w, https:\/\/libertypo.fr\/wp-content\/uploads\/2024\/09\/notebook-2386034_1280-2-300x200.jpg 300w, https:\/\/libertypo.fr\/wp-content\/uploads\/2024\/09\/notebook-2386034_1280-2-768x512.jpg 768w, https:\/\/libertypo.fr\/wp-content\/uploads\/2024\/09\/notebook-2386034_1280-2-930x620.jpg 930w, https:\/\/libertypo.fr\/wp-content\/uploads\/2024\/09\/notebook-2386034_1280-2-600x400.jpg 600w, https:\/\/libertypo.fr\/wp-content\/uploads\/2024\/09\/notebook-2386034_1280-2-1200x800.jpg 1200w, https:\/\/libertypo.fr\/wp-content\/uploads\/2024\/09\/notebook-2386034_1280-2.jpg 1280w\" sizes=\"auto, (max-width: 1024px) 100vw, 1024px\" \/><\/figure>\n<\/div>\n\n\n\n<div class=\"wp-block-column is-vertically-aligned-center is-layout-flow wp-block-column-is-layout-flow\" style=\"flex-basis:50%\">\n<div style=\"height:40px\" aria-hidden=\"true\" class=\"wp-block-spacer\"><\/div>\n\n\n\n<h2 class=\"wp-block-heading has-text-align-left has-nv-text-dark-bg-color has-text-color\">Parlons de votre projet<\/h2>\n\n\n\n<p class=\"has-text-align-left has-nv-text-dark-bg-color has-text-color\" style=\"font-size:17px\">Contactez-moi d\u00e8s aujourd&rsquo;hui pour d\u00e9couvrir comment mes services de correction et d&rsquo;\u00e9dition peuvent vous aider \u00e0 concr\u00e9tiser vos projets \u00e9ditoriaux.<\/p>\n\n\n\n<div class=\"wp-block-buttons is-horizontal is-content-justification-left is-layout-flex wp-container-core-buttons-is-layout-7e5fce0a wp-block-buttons-is-layout-flex\">\n<div class=\"wp-block-button is-style-primary\"><a class=\"wp-block-button__link wp-element-button\" href=\"https:\/\/libertypo.fr\/?page_id=311\">CONTACT<\/a><\/div>\n<\/div>\n<\/div>\n<\/div>\n<\/div><\/div>\n<\/div><\/div>\n\n\n\n<div style=\"height:23px\" aria-hidden=\"true\" class=\"wp-block-spacer\"><\/div>\n\n\n<div class=\"wp-block-image\">\n<figure class=\"aligncenter size-full is-resized\"><img loading=\"lazy\" decoding=\"async\" width=\"668\" height=\"385\" src=\"https:\/\/libertypo.fr\/wp-content\/uploads\/2025\/01\/Logo_NOV_libertypo_NB-1.jpg\" alt=\"\" class=\"wp-image-593\" style=\"width:166px;height:auto\" srcset=\"https:\/\/libertypo.fr\/wp-content\/uploads\/2025\/01\/Logo_NOV_libertypo_NB-1.jpg 668w, https:\/\/libertypo.fr\/wp-content\/uploads\/2025\/01\/Logo_NOV_libertypo_NB-1-300x173.jpg 300w, https:\/\/libertypo.fr\/wp-content\/uploads\/2025\/01\/Logo_NOV_libertypo_NB-1-330x190.jpg 330w, https:\/\/libertypo.fr\/wp-content\/uploads\/2025\/01\/Logo_NOV_libertypo_NB-1-600x346.jpg 600w\" sizes=\"auto, (max-width: 668px) 100vw, 668px\" \/><\/figure>\n<\/div>\n\n\n<div id=\"wp-block-themeisle-blocks-advanced-columns-07f9e39b\" class=\"wp-block-themeisle-blocks-advanced-columns alignfull has-1-columns has-desktop-equal-layout has-tablet-equal-layout has-mobile-collapsedRows-layout has-vertical-center ticss-c00aadba\"><div class=\"wp-block-themeisle-blocks-advanced-columns-overlay\"><\/div><div class=\"innerblocks-wrap\">\n<div id=\"wp-block-themeisle-blocks-advanced-column-9bce96d7\" class=\"wp-block-themeisle-blocks-advanced-column\">\n<p id=\"wp-block-themeisle-blocks-advanced-heading-63134771\" class=\"wp-block-themeisle-blocks-advanced-heading wp-block-themeisle-blocks-advanced-heading-63134771\"><\/p>\n\n\n\n<h2 id=\"wp-block-themeisle-blocks-advanced-heading-bbda2e30\" class=\"wp-block-themeisle-blocks-advanced-heading wp-block-themeisle-blocks-advanced-heading-bbda2e30\">Muriel Galichet<\/h2>\n\n\n\n<p class=\"has-text-align-center\">\u00c9ditrice et correctrice professionnelle, j&rsquo;interviens aupr\u00e8s de maisons d&rsquo;\u00e9dition et entreprises de presse. <br>Correctrice membre de l&rsquo;Association des correcteurs de langue fran\u00e7aise (ACLF).<\/p>\n\n\n\n<ul class=\"wp-block-social-links aligncenter is-style-default is-content-justification-center is-layout-flex wp-container-core-social-links-is-layout-16018d1d wp-block-social-links-is-layout-flex\"><li class=\"wp-social-link wp-social-link-linkedin  wp-block-social-link\"><a href=\"#www.linkedin.com\/in\/editrice-correctrice-murielgalichet\" class=\"wp-block-social-link-anchor\"><svg width=\"24\" height=\"24\" viewBox=\"0 0 24 24\" version=\"1.1\" xmlns=\"http:\/\/www.w3.org\/2000\/svg\" aria-hidden=\"true\" focusable=\"false\"><path d=\"M19.7,3H4.3C3.582,3,3,3.582,3,4.3v15.4C3,20.418,3.582,21,4.3,21h15.4c0.718,0,1.3-0.582,1.3-1.3V4.3 C21,3.582,20.418,3,19.7,3z M8.339,18.338H5.667v-8.59h2.672V18.338z M7.004,8.574c-0.857,0-1.549-0.694-1.549-1.548 c0-0.855,0.691-1.548,1.549-1.548c0.854,0,1.547,0.694,1.547,1.548C8.551,7.881,7.858,8.574,7.004,8.574z M18.339,18.338h-2.669 v-4.177c0-0.996-0.017-2.278-1.387-2.278c-1.389,0-1.601,1.086-1.601,2.206v4.249h-2.667v-8.59h2.559v1.174h0.037 c0.356-0.675,1.227-1.387,2.526-1.387c2.703,0,3.203,1.779,3.203,4.092V18.338z\"><\/path><\/svg><span class=\"wp-block-social-link-label screen-reader-text\">LinkedIn<\/span><\/a><\/li><\/ul>\n<\/div>\n<\/div><\/div>\n\n\n<div class=\"wp-block-image\">\n<figure class=\"aligncenter size-full is-resized\"><a href=\"https:\/\/www.associationdescorrecteurs.fr\/\"><img decoding=\"async\" src=\"https:\/\/libertypo.fr\/wp-content\/uploads\/2025\/02\/LO-ACLF-105x115-ad34ab.svg\" alt=\"\" class=\"wp-image-653\" style=\"aspect-ratio:1;width:139px;height:auto\"\/><\/a><\/figure>\n<\/div>\n\n\n<p><\/p>\n","protected":false},"excerpt":{"rendered":"<p>Relecture-correction B\u00e9n\u00e9ficiez d&rsquo;une correction professionnelle et personnalis\u00e9e afin de rendre vos textes impeccables, dans le respect de vos exigences et d\u00e9lais. Voici les diff\u00e9rentes \u00e9tapes sur lesquelles j&rsquo;interviens en fonction des demandes des clients : Prestations \u00e9ditoriales Pilotage de tout ou partie du circuit \u00e9ditorial de vos ouvrages, avec vos propres \u00e9quipes ou des prestataires&hellip;&nbsp;<a href=\"https:\/\/libertypo.fr\/\" class=\"\" rel=\"bookmark\">Lire la suite &raquo;<span class=\"screen-reader-text\">LiberTypo<\/span><\/a><\/p>\n","protected":false},"author":1,"featured_media":0,"parent":0,"menu_order":0,"comment_status":"closed","ping_status":"closed","template":"","meta":{"neve_meta_sidebar":"default","neve_meta_container":"contained","neve_meta_enable_content_width":"on","neve_meta_content_width":100,"neve_meta_title_alignment":"","neve_meta_author_avatar":"","neve_post_elements_order":"","neve_meta_disable_header":"","neve_meta_disable_footer":"","neve_meta_disable_title":"on","_themeisle_gutenberg_block_has_review":false,"footnotes":""},"class_list":["post-5","page","type-page","status-publish","hentry"],"featured_media_urls":[],"_links":{"self":[{"href":"https:\/\/libertypo.fr\/index.php?rest_route=\/wp\/v2\/pages\/5","targetHints":{"allow":["GET"]}}],"collection":[{"href":"https:\/\/libertypo.fr\/index.php?rest_route=\/wp\/v2\/pages"}],"about":[{"href":"https:\/\/libertypo.fr\/index.php?rest_route=\/wp\/v2\/types\/page"}],"author":[{"embeddable":true,"href":"https:\/\/libertypo.fr\/index.php?rest_route=\/wp\/v2\/users\/1"}],"replies":[{"embeddable":true,"href":"https:\/\/libertypo.fr\/index.php?rest_route=%2Fwp%2Fv2%2Fcomments&post=5"}],"version-history":[{"count":66,"href":"https:\/\/libertypo.fr\/index.php?rest_route=\/wp\/v2\/pages\/5\/revisions"}],"predecessor-version":[{"id":745,"href":"https:\/\/libertypo.fr\/index.php?rest_route=\/wp\/v2\/pages\/5\/revisions\/745"}],"wp:attachment":[{"href":"https:\/\/libertypo.fr\/index.php?rest_route=%2Fwp%2Fv2%2Fmedia&parent=5"}],"curies":[{"name":"wp","href":"https:\/\/api.w.org\/{rel}","templated":true}]}}