{"id":407,"date":"2025-01-27T11:48:00","date_gmt":"2025-01-27T10:48:00","guid":{"rendered":"https:\/\/libertypo.fr\/?page_id=407"},"modified":"2025-01-30T19:49:29","modified_gmt":"2025-01-30T18:49:29","slug":"mes-valeurs","status":"publish","type":"page","link":"https:\/\/libertypo.fr\/?page_id=407","title":{"rendered":"Mes valeurs"},"content":{"rendered":"\n<p><\/p>\n\n\n\n<div class=\"wp-block-columns is-layout-flex wp-container-core-columns-is-layout-9d6595d7 wp-block-columns-is-layout-flex\">\n<div class=\"wp-block-column is-layout-flow wp-block-column-is-layout-flow\" style=\"flex-basis:100%\"><\/div>\n<\/div>\n\n\n\n<p><\/p>\n\n\n\n<div id=\"wp-block-themeisle-blocks-advanced-columns-96b10835\" class=\"wp-block-themeisle-blocks-advanced-columns alignfull has-2-columns has-desktop-equal-layout has-tablet-equal-layout has-mobile-collapsedRows-layout has-vertical-center ticss-a2946a77 has-dark-bg\"><div class=\"wp-block-themeisle-blocks-advanced-columns-overlay\"><\/div><div class=\"innerblocks-wrap\">\n<div id=\"wp-block-themeisle-blocks-advanced-column-f46b0168\" class=\"wp-block-themeisle-blocks-advanced-column\"><div class=\"wp-block-image\">\n<figure class=\"aligncenter size-full is-resized\"><img loading=\"lazy\" decoding=\"async\" width=\"801\" height=\"1200\" src=\"https:\/\/libertypo.fr\/wp-content\/uploads\/2025\/01\/pantone_clair.jpg\" alt=\"\" class=\"wp-image-608\" style=\"width:464px;height:auto\" srcset=\"https:\/\/libertypo.fr\/wp-content\/uploads\/2025\/01\/pantone_clair.jpg 801w, https:\/\/libertypo.fr\/wp-content\/uploads\/2025\/01\/pantone_clair-200x300.jpg 200w, https:\/\/libertypo.fr\/wp-content\/uploads\/2025\/01\/pantone_clair-684x1024.jpg 684w, https:\/\/libertypo.fr\/wp-content\/uploads\/2025\/01\/pantone_clair-768x1151.jpg 768w, https:\/\/libertypo.fr\/wp-content\/uploads\/2025\/01\/pantone_clair-600x900.jpg 600w\" sizes=\"auto, (max-width: 801px) 100vw, 801px\" \/><\/figure>\n<\/div><\/div>\n\n\n\n<div id=\"wp-block-themeisle-blocks-advanced-column-4bad549b\" class=\"wp-block-themeisle-blocks-advanced-column\">\n<p id=\"wp-block-themeisle-blocks-advanced-heading-dcdac14e\" class=\"wp-block-themeisle-blocks-advanced-heading wp-block-themeisle-blocks-advanced-heading-dcdac14e\">Mes Valeurs<\/p>\n\n\n\n<h2 id=\"wp-block-themeisle-blocks-advanced-heading-84230e8e\" class=\"wp-block-themeisle-blocks-advanced-heading wp-block-themeisle-blocks-advanced-heading-84230e8e\">En tant qu&rsquo;<strong>\u00e9ditrice et coordinatrice \u00e9ditoriale<\/strong>&#8230;<\/h2>\n\n\n\n<p class=\"has-white-color has-text-color\"><strong>\u00c9coute et organisation<\/strong> : je supervise chaque \u00e9tape du processus \u00e9ditorial, de la pr\u00e9paration de copie jusqu\u2019\u00e0 la correction, en passant par la mise en pages et la correction pour que votre manuscrit soit pr\u00eat \u00e0 \u00eatre imprim\u00e9.<\/p>\n\n\n\n<p><strong>Travail d&rsquo;\u00e9quipe<\/strong> : je m&rsquo;adapte \u00e0 vos exigences et collabore en bonne intelligence avec vos \u00e9quipes, qu&rsquo;elles soient en interne ou en externe. Je reste en contact et communique tout au long de l&rsquo;avancement du projet pour garantir un travail de qualit\u00e9 selon vos exigences, en veillant \u00e0 ce que chaque d\u00e9tail soit \u00e0 la hauteur de vos attentes.<\/p>\n\n\n\n<p class=\"has-white-color has-text-color\">R<strong>espect des d\u00e9lais et du budget<\/strong> : je g\u00e8re rigoureusement les plannings et les budgets pour que chaque projet se d\u00e9roule sans accroc, dans les temps et limites financi\u00e8res impartis.<\/p>\n<\/div>\n<\/div><\/div>\n\n\n\n<div style=\"height:36px\" aria-hidden=\"true\" class=\"wp-block-spacer\"><\/div>\n\n\n\n<div id=\"wp-block-themeisle-blocks-advanced-columns-a2946a77\" class=\"wp-block-themeisle-blocks-advanced-columns alignfull has-2-columns has-desktop-equal-layout has-tablet-equal-layout has-mobile-collapsedRows-layout has-vertical-center ticss-a2946a77 has-dark-bg\"><div class=\"wp-block-themeisle-blocks-advanced-columns-overlay\"><\/div><div class=\"innerblocks-wrap\">\n<div id=\"wp-block-themeisle-blocks-advanced-column-bbddf55b\" class=\"wp-block-themeisle-blocks-advanced-column\"><div class=\"wp-block-image\">\n<figure class=\"aligncenter size-full\"><img loading=\"lazy\" decoding=\"async\" width=\"1417\" height=\"946\" src=\"https:\/\/libertypo.fr\/wp-content\/uploads\/2025\/01\/livre-ouvert_fond_vert.jpg\" alt=\"\" class=\"wp-image-609\" srcset=\"https:\/\/libertypo.fr\/wp-content\/uploads\/2025\/01\/livre-ouvert_fond_vert.jpg 1417w, https:\/\/libertypo.fr\/wp-content\/uploads\/2025\/01\/livre-ouvert_fond_vert-300x200.jpg 300w, https:\/\/libertypo.fr\/wp-content\/uploads\/2025\/01\/livre-ouvert_fond_vert-1024x684.jpg 1024w, https:\/\/libertypo.fr\/wp-content\/uploads\/2025\/01\/livre-ouvert_fond_vert-768x513.jpg 768w, https:\/\/libertypo.fr\/wp-content\/uploads\/2025\/01\/livre-ouvert_fond_vert-930x620.jpg 930w, https:\/\/libertypo.fr\/wp-content\/uploads\/2025\/01\/livre-ouvert_fond_vert-600x401.jpg 600w, https:\/\/libertypo.fr\/wp-content\/uploads\/2025\/01\/livre-ouvert_fond_vert-1200x801.jpg 1200w\" sizes=\"auto, (max-width: 1417px) 100vw, 1417px\" \/><\/figure>\n<\/div><\/div>\n\n\n\n<div id=\"wp-block-themeisle-blocks-advanced-column-92b2db05\" class=\"wp-block-themeisle-blocks-advanced-column\">\n<p id=\"wp-block-themeisle-blocks-advanced-heading-82f63cc5\" class=\"wp-block-themeisle-blocks-advanced-heading wp-block-themeisle-blocks-advanced-heading-82f63cc5\">Mes valeurs<\/p>\n\n\n\n<h2 id=\"wp-block-themeisle-blocks-advanced-heading-8f1f2647\" class=\"wp-block-themeisle-blocks-advanced-heading wp-block-themeisle-blocks-advanced-heading-8f1f2647\"><strong>En tant que relectrice-correctrice&#8230;<\/strong><\/h2>\n\n\n\n<p class=\"has-white-color has-text-color\"><strong>Rigueur et adaptation&nbsp;: <\/strong>je traque les r\u00e9p\u00e9titions, les phrases lourdes, \u00e9limine les incoh\u00e9rences, harmonise la pr\u00e9sentation pour garantir un texte fluide et compr\u00e9hensible, tout en respectant le style de l&rsquo;auteur. Je propose, mais jamais je n\u2019impose.<\/p>\n\n\n\n<p><strong>Confiance et communication&nbsp;: <\/strong>je travaille en relation permanente avec les auteurs, \u00e9diteurs et secr\u00e9taires d\u2019\u00e9dition, et j&rsquo;informe en temps r\u00e9el des \u00e9ventuelles difficult\u00e9s qui pourraient affecter l\u2019avancement du travail.<\/p>\n\n\n\n<p class=\"has-white-color has-text-color\"><strong>Respect de la confidentialit\u00e9 de vos \u00e9crits&nbsp;: <\/strong>je m\u2019engage \u00e0 ne pas diffuser vos textes, sous quelque forme que ce soit.<\/p>\n<\/div>\n<\/div><\/div>\n","protected":false},"excerpt":{"rendered":"","protected":false},"author":1,"featured_media":0,"parent":0,"menu_order":0,"comment_status":"closed","ping_status":"closed","template":"","meta":{"neve_meta_sidebar":"full-width","neve_meta_container":"contained","neve_meta_enable_content_width":"","neve_meta_content_width":70,"neve_meta_title_alignment":"","neve_meta_author_avatar":"","neve_post_elements_order":"","neve_meta_disable_header":"","neve_meta_disable_footer":"","neve_meta_disable_title":"","_themeisle_gutenberg_block_has_review":false,"footnotes":""},"class_list":["post-407","page","type-page","status-publish","hentry"],"featured_media_urls":[],"_links":{"self":[{"href":"https:\/\/libertypo.fr\/index.php?rest_route=\/wp\/v2\/pages\/407","targetHints":{"allow":["GET"]}}],"collection":[{"href":"https:\/\/libertypo.fr\/index.php?rest_route=\/wp\/v2\/pages"}],"about":[{"href":"https:\/\/libertypo.fr\/index.php?rest_route=\/wp\/v2\/types\/page"}],"author":[{"embeddable":true,"href":"https:\/\/libertypo.fr\/index.php?rest_route=\/wp\/v2\/users\/1"}],"replies":[{"embeddable":true,"href":"https:\/\/libertypo.fr\/index.php?rest_route=%2Fwp%2Fv2%2Fcomments&post=407"}],"version-history":[{"count":6,"href":"https:\/\/libertypo.fr\/index.php?rest_route=\/wp\/v2\/pages\/407\/revisions"}],"predecessor-version":[{"id":610,"href":"https:\/\/libertypo.fr\/index.php?rest_route=\/wp\/v2\/pages\/407\/revisions\/610"}],"wp:attachment":[{"href":"https:\/\/libertypo.fr\/index.php?rest_route=%2Fwp%2Fv2%2Fmedia&parent=407"}],"curies":[{"name":"wp","href":"https:\/\/api.w.org\/{rel}","templated":true}]}}