{"id":310,"date":"2020-01-23T18:21:52","date_gmt":"2020-01-23T18:21:52","guid":{"rendered":"https:\/\/demosites.io\/web-agency-gb\/?page_id=61"},"modified":"2025-09-08T16:03:08","modified_gmt":"2025-09-08T14:03:08","slug":"15c42-web-agency-gb-about-us","status":"publish","type":"page","link":"https:\/\/libertypo.fr\/?page_id=310","title":{"rendered":"\u00c0 propos"},"content":{"rendered":"\n<p><\/p>\n\n\n\n<div class=\"wp-block-columns is-layout-flex wp-container-core-columns-is-layout-9d6595d7 wp-block-columns-is-layout-flex\">\n<div class=\"wp-block-column is-layout-flow wp-block-column-is-layout-flow\" style=\"flex-basis:100%\">\n<h1 class=\"wp-block-heading alignwide\">Qui suis-je ?<\/h1>\n\n\n\n<p><\/p>\n<\/div>\n<\/div>\n\n\n\n<div class=\"wp-block-cover alignwide\" style=\"padding-right:var(--wp--preset--spacing--40);padding-left:var(--wp--preset--spacing--40);min-height:1117px;aspect-ratio:unset;\"><span aria-hidden=\"true\" class=\"wp-block-cover__background has-nv-light-bg-background-color has-background-dim-100 has-background-dim\"><\/span><div class=\"wp-block-cover__inner-container is-layout-flow wp-block-cover-is-layout-flow\">\n<div class=\"wp-block-columns is-layout-flex wp-container-core-columns-is-layout-9d6595d7 wp-block-columns-is-layout-flex\">\n<div class=\"wp-block-column is-layout-flow wp-block-column-is-layout-flow\" style=\"flex-basis:100%\">\n<div class=\"wp-block-group\"><div class=\"wp-block-group__inner-container is-layout-flow wp-block-group-is-layout-flow\">\n<div class=\"wp-block-columns are-vertically-aligned-top is-layout-flex wp-container-core-columns-is-layout-9d6595d7 wp-block-columns-is-layout-flex\">\n<div class=\"wp-block-column is-vertically-aligned-top is-layout-flow wp-block-column-is-layout-flow\" style=\"flex-basis:100%\">\n<p class=\"has-border-color has-nv-light-bg-border-color has-neve-text-color-color has-text-color has-link-color has-medium-font-size wp-elements-7cb111ea2e80ce97f0dabe1fffdfc394\" style=\"border-width:15px\"><strong>Je suis une passionn\u00e9e de livres. J\u2019aime tout autant ce qu\u2019ils ont \u00e0 nous dire que leur esth\u00e9tisme. \u00c0 mes yeux, le fond et la forme sont indissociables et doivent former une belle harmonie. <\/strong><strong>C\u2019est cette sensibilit\u00e9 qui a d\u2019abord guid\u00e9 mon parcours universitaire en M\u00e9tiers du livre (licence professionnelle), puis en \u00c9dition (master). V\u00e9ritable fil conducteur de ma formation, cette passion pour l\u2019\u00e9crit et l\u2019objet livre a naturellement fa\u00e7onn\u00e9 mes choix professionnels. J\u2019\u00e9volue ainsi dans le monde de l\u2019\u00e9dition depuis plus de quinze\u00a0ans.<\/strong><\/p>\n<\/div>\n<\/div>\n\n\n\n<div class=\"wp-block-columns alignwide has-neve-text-color-color has-text-color is-layout-flex wp-container-core-columns-is-layout-9d6595d7 wp-block-columns-is-layout-flex\">\n<div class=\"wp-block-column is-vertically-aligned-top is-layout-flow wp-block-column-is-layout-flow\" style=\"flex-basis:50%\"><div class=\"wp-block-image wp-duotone-0020d9-f8be95fc-1\">\n<figure class=\"aligncenter size-large is-resized has-custom-border\"><img loading=\"lazy\" decoding=\"async\" width=\"1024\" height=\"683\" src=\"https:\/\/libertypo.fr\/wp-content\/uploads\/2023\/10\/a-propos_travail_edition_correction-1024x683.jpg\" alt=\"\" class=\"wp-image-368\" style=\"border-style:none;border-width:0px;border-radius:0px;width:569px;height:auto\" srcset=\"https:\/\/libertypo.fr\/wp-content\/uploads\/2023\/10\/a-propos_travail_edition_correction-1024x683.jpg 1024w, https:\/\/libertypo.fr\/wp-content\/uploads\/2023\/10\/a-propos_travail_edition_correction-300x200.jpg 300w, https:\/\/libertypo.fr\/wp-content\/uploads\/2023\/10\/a-propos_travail_edition_correction-768x512.jpg 768w, https:\/\/libertypo.fr\/wp-content\/uploads\/2023\/10\/a-propos_travail_edition_correction-1536x1024.jpg 1536w, https:\/\/libertypo.fr\/wp-content\/uploads\/2023\/10\/a-propos_travail_edition_correction-2048x1365.jpg 2048w, https:\/\/libertypo.fr\/wp-content\/uploads\/2023\/10\/a-propos_travail_edition_correction-930x620.jpg 930w, https:\/\/libertypo.fr\/wp-content\/uploads\/2023\/10\/a-propos_travail_edition_correction-600x400.jpg 600w\" sizes=\"auto, (max-width: 1024px) 100vw, 1024px\" \/><\/figure>\n<\/div><\/div>\n\n\n\n<div class=\"wp-block-column is-vertically-aligned-center is-layout-flow wp-block-column-is-layout-flow\" style=\"flex-basis:50%\">\n<h2 class=\"wp-block-heading animated bounce has-neve-text-color-color has-text-color\">Double comp\u00e9tence&nbsp;:<br>\u00e9ditrice et correctrice<\/h2>\n\n\n\n<p class=\"has-neve-text-color-color has-text-color\" style=\"border-style:none;border-width:0px;font-size:18px\"><strong>Mes domaines de pr\u00e9dilection sont la relecture-correction et la coordination \u00e9ditoriale.<\/strong><br>Au fil des ann\u00e9es, j\u2019ai eu la chance de collaborer avec de nombreux professionnels du secteur&nbsp;: auteurs, \u00e9diteurs, graphistes, correcteurs, photographes, illustrateurs, imprimeurs et libraires. <br>En tant qu\u2019\u00e9ditrice et correctrice, j\u2019ai ainsi eu l\u2019occasion de corriger et de coordonner l\u2019\u00e9dition d\u2019une multitude d\u2019ouvrages pour des maisons d\u2019\u00e9dition fran\u00e7aises et anglophones. <strong>J&rsquo;interviens dans des domaines aussi divers que la litt\u00e9rature g\u00e9n\u00e9rale, les essais, la jeunesse, les livres pratiques, ainsi que les ouvrages scolaires et universitaires.<\/strong><\/p>\n\n\n\n<p style=\"font-size:18px\">Le monde de l\u2019\u00e9crit ne se limitant pas \u00e0 l\u2019\u00e9dition, j\u2019ai \u00e9galement assur\u00e9 des missions de<strong> secr\u00e9tariat de r\u00e9daction pour la presse sp\u00e9cialis\u00e9e<\/strong>, notamment dans les domaines de l\u2019architecture et de la gastronomie, ainsi que de coordination \u00e9ditoriale et de relecture pour des programmes de formation professionnelle (formations en sophrologie et CAP Fleuriste).<\/p>\n\n\n\n<p class=\"has-neve-text-color-color has-text-color\" style=\"font-size:18px\"><strong>S\u2019adapter \u00e0 tout type de contenu en mobilisant les comp\u00e9tences n\u00e9cessaires, voil\u00e0 ce qui me motive au quotidien.<\/strong> <br>Au fil des ann\u00e9es et des projets, j\u2019ai pu compter sur mes connaissances en \u00e9dition, ma curiosit\u00e9 et mon sens de la rigueur pour mener \u00e0 bien tous types de projets \u00e9ditoriaux. <br><br><strong>Membre confirm\u00e9e de l&rsquo;ACLF<\/strong>, je suis \u00e9galement en relation avec d&rsquo;autres professionnels correcteurs afin de partager nos savoir-faire et d&rsquo;\u00e9changer sur les \u00e9volutions de notre m\u00e9tier.<\/p>\n<\/div>\n<\/div>\n<\/div><\/div>\n<\/div>\n<\/div>\n<\/div><\/div>\n\n\n\n<div class=\"wp-block-buttons alignwide is-content-justification-right is-layout-flex wp-container-core-buttons-is-layout-765c4724 wp-block-buttons-is-layout-flex\">\n<div class=\"wp-block-button has-custom-width wp-block-button__width-50 is-style-primary\"><a class=\"wp-block-button__link has-text-align-right wp-element-button\" href=\"https:\/\/libertypo.fr\/?page_id=407\">Mes valeurs<\/a><\/div>\n<\/div>\n\n\n\n<div class=\"wp-block-cover alignwide\" style=\"padding-right:var(--wp--preset--spacing--40);padding-left:var(--wp--preset--spacing--40);min-height:1441px;aspect-ratio:unset;\"><span aria-hidden=\"true\" class=\"wp-block-cover__background has-nv-dark-bg-background-color has-background-dim-100 has-background-dim\"><\/span><div class=\"wp-block-cover__inner-container is-layout-flow wp-block-cover-is-layout-flow\">\n<div class=\"wp-block-group\"><div class=\"wp-block-group__inner-container is-layout-flow wp-block-group-is-layout-flow\">\n<div class=\"wp-block-group alignwide\"><div class=\"wp-block-group__inner-container is-layout-constrained wp-block-group-is-layout-constrained\">\n<div class=\"wp-block-columns alignwide are-vertically-aligned-top is-layout-flex wp-container-core-columns-is-layout-9d6595d7 wp-block-columns-is-layout-flex\">\n<div class=\"wp-block-column is-vertically-aligned-top is-layout-flow wp-block-column-is-layout-flow\" style=\"flex-basis:50%\">\n<div class=\"wp-block-columns is-layout-flex wp-container-core-columns-is-layout-9d6595d7 wp-block-columns-is-layout-flex\">\n<div class=\"wp-block-column is-layout-flow wp-block-column-is-layout-flow\" style=\"flex-basis:100%\">\n<h2 class=\"wp-block-heading animated bounce has-border-color has-nv-dark-bg-border-color has-nv-text-dark-bg-color has-text-color\" style=\"border-width:15px\">U<strong>ne offre personnalis\u00e9e pour vos projets \u00e9ditoriaux<\/strong><\/h2>\n<\/div>\n<\/div>\n\n\n\n<p class=\"has-border-color has-nv-dark-bg-border-color has-nv-text-dark-bg-color has-text-color\" style=\"border-width:15px;font-size:18px\">En 2021, j\u2019ai franchi une nouvelle \u00e9tape en cr\u00e9ant mon autoentreprise, LiberTypo. Mon objectif est de <strong>proposer mes comp\u00e9tences en tant que correctrice et \u00e9ditrice ind\u00e9pendante aux professionnels<\/strong> qui souhaitent avoir une assistance ponctuelle ou plus r\u00e9guli\u00e8re pour mener \u00e0 bien leurs projets \u00e9ditoriaux. <br><strong>Membre de l&rsquo;Association des correcteurs de langue fran\u00e7aise<\/strong> (ACLF), <strong>j\u2019accompagne des maisons d\u2019\u00e9dition et des entreprises de presse<\/strong> \u00e0 travers des missions de coordination \u00e9ditoriale, de pr\u00e9paration de copie, de r\u00e9\u00e9criture et de relecture d\u2019\u00e9preuves, en fonction de leurs besoins sp\u00e9cifiques. Je travaille main dans la main avec les auteurs, les \u00e9diteurs, les secr\u00e9taires de r\u00e9daction et les graphistes pour les aider \u00e0 donner vie \u00e0 leurs projets de la mani\u00e8re la plus efficace et rigoureuse possible.<br><br><strong>Impliqu\u00e9e et engag\u00e9e, <\/strong>j\u2019ai \u00e0 c\u0153ur d\u2019apporter un regard neuf et bienveillant sur chacun des projets qui me sont confi\u00e9s. Qu&rsquo;il s&rsquo;agisse d\u2019orthographe, de grammaire, de syntaxe, de ponctuation, de typographie ou encore de la coh\u00e9rence et de l\u2019exactitude des informations, chaque d\u00e9tail est v\u00e9rifi\u00e9 avec minutie.<br><strong>Polyvalente<\/strong>, la diversit\u00e9 de mes interlocuteurs et des textes qui sont pass\u00e9s entre mes mains m\u2019ont enseign\u00e9 l\u2019<strong>adaptabilit\u00e9<\/strong> et la<strong> flexibilit\u00e9<\/strong>. <strong>Tr\u00e8s \u00e0 l\u2019\u00e9coute<\/strong>, je sais faire preuve de rigueur comme de souplesse, dans le plus grand respect du travail des auteurs et des \u00e9quipes \u00e9ditoriales.<\/p>\n\n\n\n<div style=\"height:20px\" aria-hidden=\"true\" class=\"wp-block-spacer\"><\/div>\n\n\n\n<div class=\"wp-block-buttons is-content-justification-center is-layout-flex wp-container-core-buttons-is-layout-16018d1d wp-block-buttons-is-layout-flex\">\n<div class=\"wp-block-button is-style-primary\"><a class=\"wp-block-button__link has-text-align-center wp-element-button\" href=\"https:\/\/libertypo.fr\/?page_id=311\">Prendre RDV<\/a><\/div>\n\n\n<\/div>\n\n\n\n<p><\/p>\n\n\n<div class=\"wp-block-image wp-duotone-4a37d5-ffba88-2\">\n<figure class=\"aligncenter size-full is-resized has-custom-border\"><img loading=\"lazy\" decoding=\"async\" width=\"639\" height=\"472\" src=\"https:\/\/libertypo.fr\/wp-content\/uploads\/2025\/01\/portrait_site_Web.jpg\" alt=\"\" class=\"wp-image-419\" style=\"border-radius:10px;width:267px;height:auto\" srcset=\"https:\/\/libertypo.fr\/wp-content\/uploads\/2025\/01\/portrait_site_Web.jpg 639w, https:\/\/libertypo.fr\/wp-content\/uploads\/2025\/01\/portrait_site_Web-300x222.jpg 300w\" sizes=\"auto, (max-width: 639px) 100vw, 639px\" \/><figcaption class=\"wp-element-caption\">Muriel Galichet, <br>\u00e9ditrice-correctrice <br>chez LiberTypo.<\/figcaption><\/figure>\n<\/div>\n\n\n<p><\/p>\n<\/div>\n\n\n\n<div class=\"wp-block-column is-layout-flow wp-block-column-is-layout-flow\" style=\"flex-basis:50%\"><div class=\"wp-block-image wp-duotone-4531dc-fbb27eeb-3\">\n<figure class=\"aligncenter size-full is-resized\"><img loading=\"lazy\" decoding=\"async\" width=\"825\" height=\"550\" src=\"https:\/\/libertypo.fr\/wp-content\/uploads\/2025\/01\/livres-tranches-2.jpg\" alt=\"\" class=\"wp-image-461\" style=\"width:498px;height:auto\" srcset=\"https:\/\/libertypo.fr\/wp-content\/uploads\/2025\/01\/livres-tranches-2.jpg 825w, https:\/\/libertypo.fr\/wp-content\/uploads\/2025\/01\/livres-tranches-2-300x200.jpg 300w, https:\/\/libertypo.fr\/wp-content\/uploads\/2025\/01\/livres-tranches-2-768x512.jpg 768w, https:\/\/libertypo.fr\/wp-content\/uploads\/2025\/01\/livres-tranches-2-600x400.jpg 600w\" sizes=\"auto, (max-width: 825px) 100vw, 825px\" \/><\/figure>\n<\/div><\/div>\n<\/div>\n<\/div><\/div>\n<\/div><\/div>\n<\/div><\/div>\n\n\n\n<div class=\"wp-block-columns alignwide is-layout-flex wp-container-core-columns-is-layout-9d6595d7 wp-block-columns-is-layout-flex\">\n<div class=\"wp-block-column is-layout-flow wp-block-column-is-layout-flow\" style=\"flex-basis:100%\">\n<div class=\"wp-block-group has-nv-site-bg-background-color has-background is-vertical is-layout-flex wp-container-core-group-is-layout-8cf370e7 wp-block-group-is-layout-flex\">\n<div class=\"wp-block-columns is-layout-flex wp-container-core-columns-is-layout-9d6595d7 wp-block-columns-is-layout-flex\">\n<div class=\"wp-block-column ticss-4ce656f1 is-layout-flow wp-block-column-is-layout-flow\"><div class=\"wp-block-image icon-style is-style-rounded\">\n<figure class=\"alignleft size-large\"><img decoding=\"async\" src=\"https:\/\/libertypo.fr\/wp-content\/uploads\/2020\/01\/neve-webdesign-GB-03.png\" alt=\"\" class=\"wp-image-20\"\/><\/figure>\n<\/div>\n\n\n<div style=\"height:24px\" aria-hidden=\"true\" class=\"wp-block-spacer\"><\/div>\n\n\n\n<h3 class=\"wp-block-heading has-text-align-left has-text-align-center has-neve-text-color-color has-text-color\">Impliqu\u00e9e et engag\u00e9e<\/h3>\n\n\n\n<p class=\"has-text-align-left has-neve-text-color-color has-text-color\" style=\"font-size:18px\">Je prends soin d\u2019apporter un regard neuf et bienveillant sur chaque texte que l\u2019on me confie. Qu&rsquo;il s&rsquo;agisse d\u2019orthographe, de grammaire, de syntaxe, de ponctuation, de typographie ou encore de la coh\u00e9rence et de l\u2019exactitude des informations, chaque d\u00e9tail est v\u00e9rifi\u00e9 avec minutie.<\/p>\n\n\n\n<div style=\"height:20px\" aria-hidden=\"true\" class=\"wp-block-spacer\"><\/div>\n<\/div>\n\n\n\n<div class=\"wp-block-column is-vertically-aligned-top ticss-f6fc7494 is-layout-flow wp-block-column-is-layout-flow\"><div class=\"wp-block-image icon-style is-style-rounded\">\n<figure class=\"alignleft size-large\"><img decoding=\"async\" src=\"https:\/\/libertypo.fr\/wp-content\/uploads\/2020\/01\/neve-webdesign-GB-03.png\" alt=\"\" class=\"wp-image-20\"\/><\/figure>\n<\/div>\n\n\n<div style=\"height:24px\" aria-hidden=\"true\" class=\"wp-block-spacer\"><\/div>\n\n\n\n<h3 class=\"wp-block-heading has-text-align-left has-text-align-center has-neve-text-color-color has-text-color\">Rigoureuse et polyvalente<\/h3>\n\n\n\n<p class=\"has-text-align-left has-neve-text-color-color has-text-color\" style=\"font-size:18px\">La diversit\u00e9 de mes interlocuteurs et la grande vari\u00e9t\u00e9 des textes qui sont pass\u00e9s entre mes mains m\u2019ont enseign\u00e9 l\u2019adaptabilit\u00e9 et la flexibilit\u00e9. J\u2019aime apporter tout le soin n\u00e9cessaire de la pr\u00e9paration des textes jusqu&rsquo;\u00e0 la r\u00e9alisation des livres imprim\u00e9s, dans le respect des exigences de qualit\u00e9 et d\u00e9lais de production propres \u00e0 chaque client.<\/p>\n\n\n\n<div style=\"height:20px\" aria-hidden=\"true\" class=\"wp-block-spacer\"><\/div>\n<\/div>\n\n\n\n<div class=\"wp-block-column is-vertically-aligned-top ticss-a5b4df29 is-layout-flow wp-block-column-is-layout-flow\"><div class=\"wp-block-image icon-style is-style-rounded\">\n<figure class=\"alignleft size-large\"><img decoding=\"async\" src=\"https:\/\/libertypo.fr\/wp-content\/uploads\/2020\/01\/neve-webdesign-GB-03.png\" alt=\"\" class=\"wp-image-20\"\/><\/figure>\n<\/div>\n\n\n<div style=\"height:24px\" aria-hidden=\"true\" class=\"wp-block-spacer\"><\/div>\n\n\n\n<h3 class=\"wp-block-heading has-text-align-left has-text-align-center has-neve-text-color-color has-text-color\">Esprit d&rsquo;\u00e9quipe<\/h3>\n\n\n\n<p class=\"has-text-align-left has-neve-text-color-color has-text-color\" style=\"font-size:18px\">Je travaille main dans la main avec les auteurs, les \u00e9diteurs, les secr\u00e9taires de r\u00e9daction pour les aider \u00e0 donner vie \u00e0 leurs id\u00e9es. Tr\u00e8s \u00e0 l\u2019\u00e9coute, je sais faire preuve de rigueur comme de souplesse, dans le plus grand respect du travail des auteurs et des \u00e9quipes \u00e9ditoriales.<\/p>\n\n\n\n<div style=\"height:20px\" aria-hidden=\"true\" class=\"wp-block-spacer\"><\/div>\n<\/div>\n<\/div>\n<\/div>\n<\/div>\n<\/div>\n\n\n\n<div class=\"wp-block-cover alignfull\" style=\"min-height:600px;aspect-ratio:unset;\"><span aria-hidden=\"true\" class=\"wp-block-cover__background has-nv-light-bg-background-color has-background-dim-100 has-background-dim\"><\/span><div class=\"wp-block-cover__inner-container is-layout-flow wp-block-cover-is-layout-flow\">\n<div class=\"wp-block-group\"><div class=\"wp-block-group__inner-container is-layout-flow wp-block-group-is-layout-flow\">\n<div class=\"wp-block-columns is-layout-flex wp-container-core-columns-is-layout-9d6595d7 wp-block-columns-is-layout-flex\">\n<div class=\"wp-block-column is-layout-flow wp-block-column-is-layout-flow\"><div class=\"wp-block-image is-style-default\">\n<figure class=\"aligncenter size-full is-resized has-custom-border\" id=\"wp-block-themeisle-blocks-image-218e5d27\"><a href=\"https:\/\/libertypo.fr\/\"><img decoding=\"async\" src=\"https:\/\/libertypo.fr\/wp-content\/uploads\/2021\/10\/cropped-Logo_libertypo_07-10-e1636192808944-2.jpg\" alt=\"LiberTypo\" class=\"wp-image-78\" style=\"border-style:none;border-width:0px;border-radius:4px;width:270px;height:auto\"\/><\/a><\/figure>\n<\/div>\n\n\n<p><\/p>\n\n\n\n<h4 class=\"wp-block-heading has-text-align-center has-neve-text-color-color has-text-color\">\u00c9ditrice-correctrice professionnelle  <\/h4>\n\n\n\n<p class=\"has-text-align-center has-neve-text-color-color has-text-color\">Plus de quinze ann\u00e9es d&rsquo;exp\u00e9rience dans le secteur de l&rsquo;\u00e9dition<\/p>\n\n\n\n<p><\/p>\n\n\n\n<ul class=\"wp-block-social-links aligncenter is-layout-flex wp-block-social-links-is-layout-flex\"><li class=\"wp-social-link wp-social-link-linkedin  wp-block-social-link\"><a href=\"#www.linkedin.com\/in\/editrice-correctrice-murielgalichet\" class=\"wp-block-social-link-anchor\"><svg width=\"24\" height=\"24\" viewBox=\"0 0 24 24\" version=\"1.1\" xmlns=\"http:\/\/www.w3.org\/2000\/svg\" aria-hidden=\"true\" focusable=\"false\"><path d=\"M19.7,3H4.3C3.582,3,3,3.582,3,4.3v15.4C3,20.418,3.582,21,4.3,21h15.4c0.718,0,1.3-0.582,1.3-1.3V4.3 C21,3.582,20.418,3,19.7,3z M8.339,18.338H5.667v-8.59h2.672V18.338z M7.004,8.574c-0.857,0-1.549-0.694-1.549-1.548 c0-0.855,0.691-1.548,1.549-1.548c0.854,0,1.547,0.694,1.547,1.548C8.551,7.881,7.858,8.574,7.004,8.574z M18.339,18.338h-2.669 v-4.177c0-0.996-0.017-2.278-1.387-2.278c-1.389,0-1.601,1.086-1.601,2.206v4.249h-2.667v-8.59h2.559v1.174h0.037 c0.356-0.675,1.227-1.387,2.526-1.387c2.703,0,3.203,1.779,3.203,4.092V18.338z\"><\/path><\/svg><span class=\"wp-block-social-link-label screen-reader-text\">LinkedIn<\/span><\/a><\/li><\/ul>\n\n\n\n<div style=\"height:40px\" aria-hidden=\"true\" class=\"wp-block-spacer\"><\/div>\n<\/div>\n<\/div>\n\n\n\n<div style=\"height:40px\" aria-hidden=\"true\" class=\"wp-block-spacer\"><\/div>\n<\/div><\/div>\n<\/div><\/div>\n\n\n\n<p><\/p>\n\n\n\n<p><\/p>\n","protected":false},"excerpt":{"rendered":"<p>Qui suis-je ? Impliqu\u00e9e et engag\u00e9e Je prends soin d\u2019apporter un regard neuf et bienveillant sur chaque texte que l\u2019on me confie. Qu&rsquo;il s&rsquo;agisse d\u2019orthographe, de grammaire, de syntaxe, de ponctuation, de typographie ou encore de la coh\u00e9rence et de l\u2019exactitude des informations, chaque d\u00e9tail est v\u00e9rifi\u00e9 avec minutie. Rigoureuse et polyvalente La diversit\u00e9 de&hellip;&nbsp;<a href=\"https:\/\/libertypo.fr\/?page_id=310\" class=\"\" rel=\"bookmark\">Lire la suite &raquo;<span class=\"screen-reader-text\">\u00c0 propos<\/span><\/a><\/p>\n","protected":false},"author":1,"featured_media":0,"parent":0,"menu_order":0,"comment_status":"closed","ping_status":"closed","template":"","meta":{"neve_meta_sidebar":"full-width","neve_meta_container":"full-width","neve_meta_enable_content_width":"on","neve_meta_content_width":100,"neve_meta_title_alignment":"left","neve_meta_author_avatar":"","neve_post_elements_order":"","neve_meta_disable_header":"off","neve_meta_disable_footer":"","neve_meta_disable_title":"","_themeisle_gutenberg_block_has_review":false,"footnotes":""},"class_list":["post-310","page","type-page","status-publish","hentry"],"featured_media_urls":[],"_links":{"self":[{"href":"https:\/\/libertypo.fr\/index.php?rest_route=\/wp\/v2\/pages\/310","targetHints":{"allow":["GET"]}}],"collection":[{"href":"https:\/\/libertypo.fr\/index.php?rest_route=\/wp\/v2\/pages"}],"about":[{"href":"https:\/\/libertypo.fr\/index.php?rest_route=\/wp\/v2\/types\/page"}],"author":[{"embeddable":true,"href":"https:\/\/libertypo.fr\/index.php?rest_route=\/wp\/v2\/users\/1"}],"replies":[{"embeddable":true,"href":"https:\/\/libertypo.fr\/index.php?rest_route=%2Fwp%2Fv2%2Fcomments&post=310"}],"version-history":[{"count":58,"href":"https:\/\/libertypo.fr\/index.php?rest_route=\/wp\/v2\/pages\/310\/revisions"}],"predecessor-version":[{"id":720,"href":"https:\/\/libertypo.fr\/index.php?rest_route=\/wp\/v2\/pages\/310\/revisions\/720"}],"wp:attachment":[{"href":"https:\/\/libertypo.fr\/index.php?rest_route=%2Fwp%2Fv2%2Fmedia&parent=310"}],"curies":[{"name":"wp","href":"https:\/\/api.w.org\/{rel}","templated":true}]}}